{"id":952,"date":"2025-07-18T20:07:51","date_gmt":"2025-07-18T20:07:51","guid":{"rendered":"https:\/\/xeleroshoes.nextron.org\/modelle\/matrix-v-h\/"},"modified":"2026-03-02T11:17:22","modified_gmt":"2026-03-02T11:17:22","slug":"matrix-v-h","status":"publish","type":"product","link":"https:\/\/www.xeleroshoes.ch\/fr\/modelle\/matrix-v-h\/","title":{"rendered":"MATRIX V"},"content":{"rendered":"<p>Technologie XRS pour marche dynamique et stabilit\u00e9. Polyvalente pour le quotidien et les activit\u00e9s l\u00e9g\u00e8res.<\/p>\n","protected":false},"featured_media":906,"template":"","class_list":["post-952","product","type-product","status-publish","has-post-thumbnail","hentry","pcat-matrix-v","form-extraweit","form-normal","gender-herren"],"acf":[],"_links":{"self":[{"href":"https:\/\/www.xeleroshoes.ch\/fr\/wp-json\/wp\/v2\/product\/952","targetHints":{"allow":["GET"]}}],"collection":[{"href":"https:\/\/www.xeleroshoes.ch\/fr\/wp-json\/wp\/v2\/product"}],"about":[{"href":"https:\/\/www.xeleroshoes.ch\/fr\/wp-json\/wp\/v2\/types\/product"}],"wp:featuredmedia":[{"embeddable":true,"href":"https:\/\/www.xeleroshoes.ch\/fr\/wp-json\/wp\/v2\/media\/906"}],"wp:attachment":[{"href":"https:\/\/www.xeleroshoes.ch\/fr\/wp-json\/wp\/v2\/media?parent=952"}],"curies":[{"name":"wp","href":"https:\/\/api.w.org\/{rel}","templated":true}]}}