{"id":950,"date":"2025-07-18T20:07:51","date_gmt":"2025-07-18T20:07:51","guid":{"rendered":"https:\/\/xeleroshoes.nextron.org\/modelle\/genesis-wp-d\/"},"modified":"2026-03-03T07:01:09","modified_gmt":"2026-03-03T07:01:09","slug":"genesis-wp-d","status":"publish","type":"product","link":"https:\/\/www.xeleroshoes.ch\/fr\/modelle\/genesis-wp-d\/","title":{"rendered":"GENESIS II WP (WATERPROOF)"},"content":{"rendered":"<p>Technologie XRS brevet\u00e9e pour confort et stabilit\u00e9. Imperm\u00e9able, sportif, l\u00e9ger \u2013 pour le quotidien et le sport.<\/p>\n","protected":false},"featured_media":916,"template":"","class_list":["post-950","product","type-product","status-publish","has-post-thumbnail","hentry","pcat-genesis","form-weit","form-normal","gender-damen"],"acf":[],"_links":{"self":[{"href":"https:\/\/www.xeleroshoes.ch\/fr\/wp-json\/wp\/v2\/product\/950","targetHints":{"allow":["GET"]}}],"collection":[{"href":"https:\/\/www.xeleroshoes.ch\/fr\/wp-json\/wp\/v2\/product"}],"about":[{"href":"https:\/\/www.xeleroshoes.ch\/fr\/wp-json\/wp\/v2\/types\/product"}],"wp:featuredmedia":[{"embeddable":true,"href":"https:\/\/www.xeleroshoes.ch\/fr\/wp-json\/wp\/v2\/media\/916"}],"wp:attachment":[{"href":"https:\/\/www.xeleroshoes.ch\/fr\/wp-json\/wp\/v2\/media?parent=950"}],"curies":[{"name":"wp","href":"https:\/\/api.w.org\/{rel}","templated":true}]}}