{"id":941,"date":"2025-07-18T20:07:51","date_gmt":"2025-07-18T20:07:51","guid":{"rendered":"https:\/\/xeleroshoes.nextron.org\/modelle\/x-gps-lite-h\/"},"modified":"2026-03-05T10:11:43","modified_gmt":"2026-03-05T10:11:43","slug":"x-gps-lite-h","status":"publish","type":"product","link":"https:\/\/www.xeleroshoes.ch\/fr\/modelle\/x-gps-lite-h\/","title":{"rendered":"X-GPS"},"content":{"rendered":"<p>La X-GPS Super Stability Shoe est une chaussure de course ultra- l\u00e9g\u00e8re et stable, offrant un amorti \u00e9lev\u00e9 et un soutien optimal pour pr\u00e9venir les blessures au quotidien.<\/p>\n","protected":false},"featured_media":1218,"template":"","class_list":["post-941","product","type-product","status-publish","has-post-thumbnail","hentry","pcat-x-gps","form-weit","form-normal","gender-herren","gender-neu"],"acf":[],"_links":{"self":[{"href":"https:\/\/www.xeleroshoes.ch\/fr\/wp-json\/wp\/v2\/product\/941","targetHints":{"allow":["GET"]}}],"collection":[{"href":"https:\/\/www.xeleroshoes.ch\/fr\/wp-json\/wp\/v2\/product"}],"about":[{"href":"https:\/\/www.xeleroshoes.ch\/fr\/wp-json\/wp\/v2\/types\/product"}],"wp:featuredmedia":[{"embeddable":true,"href":"https:\/\/www.xeleroshoes.ch\/fr\/wp-json\/wp\/v2\/media\/1218"}],"wp:attachment":[{"href":"https:\/\/www.xeleroshoes.ch\/fr\/wp-json\/wp\/v2\/media?parent=941"}],"curies":[{"name":"wp","href":"https:\/\/api.w.org\/{rel}","templated":true}]}}