{"id":1414,"date":"2026-03-19T13:08:52","date_gmt":"2026-03-19T13:08:52","guid":{"rendered":"https:\/\/www.xeleroshoes.ch\/?post_type=product&#038;p=1414"},"modified":"2026-03-20T10:26:11","modified_gmt":"2026-03-20T10:26:11","slug":"sofia","status":"publish","type":"product","link":"https:\/\/www.xeleroshoes.ch\/fr\/modelle\/sofia\/","title":{"rendered":"SOFIA"},"content":{"rendered":"<p>La seule sandale avec Motion Control : L\u00e9g\u00e8re, imperm\u00e9able \u2013 pour le confort et le maintien \u00e0 chaque past<\/p>\n","protected":false},"featured_media":1212,"template":"","class_list":["post-1414","product","type-product","status-publish","has-post-thumbnail","hentry","pcat-sofia","form-normal","gender-damen","gender-neu"],"acf":[],"_links":{"self":[{"href":"https:\/\/www.xeleroshoes.ch\/fr\/wp-json\/wp\/v2\/product\/1414","targetHints":{"allow":["GET"]}}],"collection":[{"href":"https:\/\/www.xeleroshoes.ch\/fr\/wp-json\/wp\/v2\/product"}],"about":[{"href":"https:\/\/www.xeleroshoes.ch\/fr\/wp-json\/wp\/v2\/types\/product"}],"wp:featuredmedia":[{"embeddable":true,"href":"https:\/\/www.xeleroshoes.ch\/fr\/wp-json\/wp\/v2\/media\/1212"}],"wp:attachment":[{"href":"https:\/\/www.xeleroshoes.ch\/fr\/wp-json\/wp\/v2\/media?parent=1414"}],"curies":[{"name":"wp","href":"https:\/\/api.w.org\/{rel}","templated":true}]}}