{"id":1307,"date":"2026-03-05T07:47:56","date_gmt":"2026-03-05T07:47:56","guid":{"rendered":"https:\/\/www.xeleroshoes.ch\/?post_type=product&#038;p=1307"},"modified":"2026-03-30T07:19:19","modified_gmt":"2026-03-30T07:19:19","slug":"x-gps-wr","status":"publish","type":"product","link":"https:\/\/www.xeleroshoes.ch\/fr\/modelle\/x-gps-wr\/","title":{"rendered":"X-GPS WR (WATER-RESISTANT)"},"content":{"rendered":"<p>La X-GPS WR Super Stability est superl\u00e9ger, stable et r\u00e9sistante \u00e0 l&rsquo;eau \u2013 avec amorti et maintien \u00e0 chaque pas.<\/p>\n","protected":false},"featured_media":1228,"template":"","class_list":["post-1307","product","type-product","status-publish","has-post-thumbnail","hentry","pcat-x-gps-wr","form-normal","gender-damen","gender-neu"],"acf":[],"_links":{"self":[{"href":"https:\/\/www.xeleroshoes.ch\/fr\/wp-json\/wp\/v2\/product\/1307","targetHints":{"allow":["GET"]}}],"collection":[{"href":"https:\/\/www.xeleroshoes.ch\/fr\/wp-json\/wp\/v2\/product"}],"about":[{"href":"https:\/\/www.xeleroshoes.ch\/fr\/wp-json\/wp\/v2\/types\/product"}],"wp:featuredmedia":[{"embeddable":true,"href":"https:\/\/www.xeleroshoes.ch\/fr\/wp-json\/wp\/v2\/media\/1228"}],"wp:attachment":[{"href":"https:\/\/www.xeleroshoes.ch\/fr\/wp-json\/wp\/v2\/media?parent=1307"}],"curies":[{"name":"wp","href":"https:\/\/api.w.org\/{rel}","templated":true}]}}