{"id":1203,"date":"2026-03-02T15:14:46","date_gmt":"2026-03-02T15:14:46","guid":{"rendered":"https:\/\/www.xeleroshoes.ch\/?post_type=product&#038;p=1203"},"modified":"2026-03-03T10:14:09","modified_gmt":"2026-03-03T10:14:09","slug":"hyperion-ii-high","status":"publish","type":"product","link":"https:\/\/www.xeleroshoes.ch\/fr\/modelle\/hyperion-ii-high\/","title":{"rendered":"HYPERION II HIGH"},"content":{"rendered":"<p>Technologie X2 pour confort et stabilit\u00e9 optimale. Id\u00e9al pour randonn\u00e9es et longues promenades.<\/p>\n","protected":false},"featured_media":921,"template":"","class_list":["post-1203","product","type-product","status-publish","has-post-thumbnail","hentry","pcat-hyperion-ii-high","form-normal","gender-herren"],"acf":[],"_links":{"self":[{"href":"https:\/\/www.xeleroshoes.ch\/fr\/wp-json\/wp\/v2\/product\/1203","targetHints":{"allow":["GET"]}}],"collection":[{"href":"https:\/\/www.xeleroshoes.ch\/fr\/wp-json\/wp\/v2\/product"}],"about":[{"href":"https:\/\/www.xeleroshoes.ch\/fr\/wp-json\/wp\/v2\/types\/product"}],"wp:featuredmedia":[{"embeddable":true,"href":"https:\/\/www.xeleroshoes.ch\/fr\/wp-json\/wp\/v2\/media\/921"}],"wp:attachment":[{"href":"https:\/\/www.xeleroshoes.ch\/fr\/wp-json\/wp\/v2\/media?parent=1203"}],"curies":[{"name":"wp","href":"https:\/\/api.w.org\/{rel}","templated":true}]}}