{"id":1200,"date":"2026-03-02T07:59:50","date_gmt":"2026-03-02T07:59:50","guid":{"rendered":"https:\/\/www.xeleroshoes.ch\/?post_type=product&#038;p=1200"},"modified":"2026-03-20T10:05:20","modified_gmt":"2026-03-20T10:05:20","slug":"__trashed","status":"publish","type":"product","link":"https:\/\/www.xeleroshoes.ch\/fr\/modelle\/__trashed\/","title":{"rendered":"TRU SANDALE"},"content":{"rendered":"<p>Technologie X2 et contr\u00f4le Xelero pour confort optimal. Ultra-l\u00e9g\u00e8re et imperm\u00e9able, id\u00e9ale au quotidien<\/p>\n","protected":false},"featured_media":899,"template":"","class_list":["post-1200","product","type-product","status-publish","has-post-thumbnail","hentry","pcat-tru","form-normal-us","gender-damen"],"acf":[],"_links":{"self":[{"href":"https:\/\/www.xeleroshoes.ch\/fr\/wp-json\/wp\/v2\/product\/1200","targetHints":{"allow":["GET"]}}],"collection":[{"href":"https:\/\/www.xeleroshoes.ch\/fr\/wp-json\/wp\/v2\/product"}],"about":[{"href":"https:\/\/www.xeleroshoes.ch\/fr\/wp-json\/wp\/v2\/types\/product"}],"wp:featuredmedia":[{"embeddable":true,"href":"https:\/\/www.xeleroshoes.ch\/fr\/wp-json\/wp\/v2\/media\/899"}],"wp:attachment":[{"href":"https:\/\/www.xeleroshoes.ch\/fr\/wp-json\/wp\/v2\/media?parent=1200"}],"curies":[{"name":"wp","href":"https:\/\/api.w.org\/{rel}","templated":true}]}}