{"id":1015,"date":"2025-09-22T06:56:19","date_gmt":"2025-09-22T06:56:19","guid":{"rendered":"https:\/\/xeleroshoes.nextron.org\/modelle\/tru-sandale-h\/"},"modified":"2026-03-20T10:05:02","modified_gmt":"2026-03-20T10:05:02","slug":"tru-sandale-h","status":"publish","type":"product","link":"https:\/\/www.xeleroshoes.ch\/fr\/modelle\/tru-sandale-h\/","title":{"rendered":"TRU SANDALE"},"content":{"rendered":"<p>Technologie X2 et contr\u00f4le Xelero pour confort optimal. Ultra-l\u00e9g\u00e8re et imperm\u00e9able, id\u00e9ale au quotidien<\/p>\n","protected":false},"featured_media":901,"template":"","class_list":["post-1015","product","type-product","status-publish","has-post-thumbnail","hentry","pcat-tru","form-normal-us","gender-herren"],"acf":[],"_links":{"self":[{"href":"https:\/\/www.xeleroshoes.ch\/fr\/wp-json\/wp\/v2\/product\/1015","targetHints":{"allow":["GET"]}}],"collection":[{"href":"https:\/\/www.xeleroshoes.ch\/fr\/wp-json\/wp\/v2\/product"}],"about":[{"href":"https:\/\/www.xeleroshoes.ch\/fr\/wp-json\/wp\/v2\/types\/product"}],"wp:featuredmedia":[{"embeddable":true,"href":"https:\/\/www.xeleroshoes.ch\/fr\/wp-json\/wp\/v2\/media\/901"}],"wp:attachment":[{"href":"https:\/\/www.xeleroshoes.ch\/fr\/wp-json\/wp\/v2\/media?parent=1015"}],"curies":[{"name":"wp","href":"https:\/\/api.w.org\/{rel}","templated":true}]}}