{"id":1012,"date":"2025-09-22T06:48:50","date_gmt":"2025-09-22T06:48:50","guid":{"rendered":"https:\/\/xeleroshoes.nextron.org\/modelle\/zurich-h-black-normal\/"},"modified":"2026-03-05T09:34:29","modified_gmt":"2026-03-05T09:34:29","slug":"zurich-h-black","status":"publish","type":"product","link":"https:\/\/www.xeleroshoes.ch\/fr\/modelle\/zurich-h-black\/","title":{"rendered":"ZURICH"},"content":{"rendered":"<p>\u00c9l\u00e9gance urbaine et technologie brevet\u00e9e pour stabilit\u00e9 et confort optimal \u00e0 chaque pas.<\/p>\n","protected":false},"featured_media":911,"template":"","class_list":["post-1012","product","type-product","status-publish","has-post-thumbnail","hentry","pcat-zurich","form-extraweit","form-normal","gender-herren"],"acf":[],"_links":{"self":[{"href":"https:\/\/www.xeleroshoes.ch\/fr\/wp-json\/wp\/v2\/product\/1012","targetHints":{"allow":["GET"]}}],"collection":[{"href":"https:\/\/www.xeleroshoes.ch\/fr\/wp-json\/wp\/v2\/product"}],"about":[{"href":"https:\/\/www.xeleroshoes.ch\/fr\/wp-json\/wp\/v2\/types\/product"}],"wp:featuredmedia":[{"embeddable":true,"href":"https:\/\/www.xeleroshoes.ch\/fr\/wp-json\/wp\/v2\/media\/911"}],"wp:attachment":[{"href":"https:\/\/www.xeleroshoes.ch\/fr\/wp-json\/wp\/v2\/media?parent=1012"}],"curies":[{"name":"wp","href":"https:\/\/api.w.org\/{rel}","templated":true}]}}