{"id":1005,"date":"2025-09-22T06:26:09","date_gmt":"2025-09-22T06:26:09","guid":{"rendered":"https:\/\/xeleroshoes.nextron.org\/modelle\/steadfast-hiker-high-d\/"},"modified":"2025-11-06T10:52:39","modified_gmt":"2025-11-06T10:52:39","slug":"steadfast-hiker-high-d","status":"publish","type":"product","link":"https:\/\/www.xeleroshoes.ch\/fr\/modelle\/steadfast-hiker-high-d\/","title":{"rendered":"STEADFAST HIKER HIGH"},"content":{"rendered":"<p>Technologie X2 pour confort et stabilit\u00e9 optimale. Id\u00e9al pour randonn\u00e9es et longues promenades.<\/p>\n","protected":false},"featured_media":917,"template":"","class_list":["post-1005","product","type-product","status-publish","has-post-thumbnail","hentry","pcat-steadfast-hiker","form-normal","gender-damen"],"acf":[],"_links":{"self":[{"href":"https:\/\/www.xeleroshoes.ch\/fr\/wp-json\/wp\/v2\/product\/1005","targetHints":{"allow":["GET"]}}],"collection":[{"href":"https:\/\/www.xeleroshoes.ch\/fr\/wp-json\/wp\/v2\/product"}],"about":[{"href":"https:\/\/www.xeleroshoes.ch\/fr\/wp-json\/wp\/v2\/types\/product"}],"wp:featuredmedia":[{"embeddable":true,"href":"https:\/\/www.xeleroshoes.ch\/fr\/wp-json\/wp\/v2\/media\/917"}],"wp:attachment":[{"href":"https:\/\/www.xeleroshoes.ch\/fr\/wp-json\/wp\/v2\/media?parent=1005"}],"curies":[{"name":"wp","href":"https:\/\/api.w.org\/{rel}","templated":true}]}}