{"id":1003,"date":"2025-09-22T06:20:25","date_gmt":"2025-09-22T06:20:25","guid":{"rendered":"https:\/\/xeleroshoes.nextron.org\/modelle\/steadfast-hiker-h\/"},"modified":"2025-11-06T10:53:46","modified_gmt":"2025-11-06T10:53:46","slug":"steadfast-hiker-h","status":"publish","type":"product","link":"https:\/\/www.xeleroshoes.ch\/fr\/modelle\/steadfast-hiker-h\/","title":{"rendered":"STEADFAST HIKER"},"content":{"rendered":"<p>Technologie X2 pour confort et stabilit\u00e9 optimale. Id\u00e9al pour randonn\u00e9es et longues promenades.<\/p>\n","protected":false},"featured_media":919,"template":"","class_list":["post-1003","product","type-product","status-publish","has-post-thumbnail","hentry","pcat-steadfast-hiker","form-normal","gender-herren"],"acf":[],"_links":{"self":[{"href":"https:\/\/www.xeleroshoes.ch\/fr\/wp-json\/wp\/v2\/product\/1003","targetHints":{"allow":["GET"]}}],"collection":[{"href":"https:\/\/www.xeleroshoes.ch\/fr\/wp-json\/wp\/v2\/product"}],"about":[{"href":"https:\/\/www.xeleroshoes.ch\/fr\/wp-json\/wp\/v2\/types\/product"}],"wp:featuredmedia":[{"embeddable":true,"href":"https:\/\/www.xeleroshoes.ch\/fr\/wp-json\/wp\/v2\/media\/919"}],"wp:attachment":[{"href":"https:\/\/www.xeleroshoes.ch\/fr\/wp-json\/wp\/v2\/media?parent=1003"}],"curies":[{"name":"wp","href":"https:\/\/api.w.org\/{rel}","templated":true}]}}