{"id":1002,"date":"2025-09-22T06:14:43","date_gmt":"2025-09-22T06:14:43","guid":{"rendered":"https:\/\/xeleroshoes.nextron.org\/modelle\/matrix-v-fitgo-d\/"},"modified":"2026-03-02T08:44:05","modified_gmt":"2026-03-02T08:44:05","slug":"matrix-v-fitgo-d","status":"publish","type":"product","link":"https:\/\/www.xeleroshoes.ch\/fr\/modelle\/matrix-v-fitgo-d\/","title":{"rendered":"MATRIX V FITGO"},"content":{"rendered":"<p>Technologie XRS pour marche dynamique et stabilit\u00e9. Polyvalente pour le quotidien et les activit\u00e9s l\u00e9g\u00e8res.<\/p>\n","protected":false},"featured_media":907,"template":"","class_list":["post-1002","product","type-product","status-publish","has-post-thumbnail","hentry","pcat-matrix-v-fitgo","form-weit","form-normal","gender-damen"],"acf":[],"_links":{"self":[{"href":"https:\/\/www.xeleroshoes.ch\/fr\/wp-json\/wp\/v2\/product\/1002","targetHints":{"allow":["GET"]}}],"collection":[{"href":"https:\/\/www.xeleroshoes.ch\/fr\/wp-json\/wp\/v2\/product"}],"about":[{"href":"https:\/\/www.xeleroshoes.ch\/fr\/wp-json\/wp\/v2\/types\/product"}],"wp:featuredmedia":[{"embeddable":true,"href":"https:\/\/www.xeleroshoes.ch\/fr\/wp-json\/wp\/v2\/media\/907"}],"wp:attachment":[{"href":"https:\/\/www.xeleroshoes.ch\/fr\/wp-json\/wp\/v2\/media?parent=1002"}],"curies":[{"name":"wp","href":"https:\/\/api.w.org\/{rel}","templated":true}]}}