{"id":1001,"date":"2025-09-22T06:04:06","date_gmt":"2025-09-22T06:04:06","guid":{"rendered":"https:\/\/xeleroshoes.nextron.org\/modelle\/matrix-v-fitgo-h\/"},"modified":"2026-03-02T08:44:18","modified_gmt":"2026-03-02T08:44:18","slug":"matrix-v-fitgo-h","status":"publish","type":"product","link":"https:\/\/www.xeleroshoes.ch\/fr\/modelle\/matrix-v-fitgo-h\/","title":{"rendered":"MATRIX V FITGO"},"content":{"rendered":"<p>Technologie XRS pour marche dynamique et stabilit\u00e9. Polyvalente pour le quotidien et les activit\u00e9s l\u00e9g\u00e8res.<\/p>\n","protected":false},"featured_media":907,"template":"","class_list":["post-1001","product","type-product","status-publish","has-post-thumbnail","hentry","pcat-matrix-v-fitgo","form-extraweit","form-normal","gender-herren"],"acf":[],"_links":{"self":[{"href":"https:\/\/www.xeleroshoes.ch\/fr\/wp-json\/wp\/v2\/product\/1001","targetHints":{"allow":["GET"]}}],"collection":[{"href":"https:\/\/www.xeleroshoes.ch\/fr\/wp-json\/wp\/v2\/product"}],"about":[{"href":"https:\/\/www.xeleroshoes.ch\/fr\/wp-json\/wp\/v2\/types\/product"}],"wp:featuredmedia":[{"embeddable":true,"href":"https:\/\/www.xeleroshoes.ch\/fr\/wp-json\/wp\/v2\/media\/907"}],"wp:attachment":[{"href":"https:\/\/www.xeleroshoes.ch\/fr\/wp-json\/wp\/v2\/media?parent=1001"}],"curies":[{"name":"wp","href":"https:\/\/api.w.org\/{rel}","templated":true}]}}