{"id":937,"date":"2025-07-11T11:35:43","date_gmt":"2025-07-11T11:35:43","guid":{"rendered":"https:\/\/xeleroshoes.nextron.org\/technologie\/"},"modified":"2025-11-06T09:15:43","modified_gmt":"2025-11-06T09:15:43","slug":"technologie","status":"publish","type":"page","link":"https:\/\/www.xeleroshoes.ch\/fr\/technologie\/","title":{"rendered":"Technologie"},"content":{"rendered":"<div id=\"pl-937\"  class=\"panel-layout\" ><div id=\"pg-937-0\"  class=\"panel-grid panel-no-style\" ><div id=\"pgc-937-0-0\"  class=\"panel-grid-cell\" >\r\n<section class=\"content-section section-grey\">\r\n    <div class=\"container\">\r\n        <div class=\"content-inner padding-top padding-more\">\r\n            <div class=\"row\">\r\n                                    <div class=\"col col-12 col-lg-6\">\r\n                        <h2>XELERO AM\u00c9LIORE VOTRE MARCHE<\/h2>\n\n<p><span style=\"font-size:12pt\">Les chaussures Xelero int\u00e8grent toutes la technologie XRS. Cette aide \u00e0 la marche unique, d\u00e9velopp\u00e9e en Suisse, fait de cette chaussure polyvalente une chaussure ergonomique. L'\u00e9l\u00e9ment de d\u00e9roulement dissimul\u00e9 dans la semelle interm\u00e9diaire contr\u00f4le le pied dans le mouvement dynamique et lui offre en m\u00eame temps une stabilit\u00e9 lat\u00e9rale id\u00e9ale. Avec l'aide d'\u00e9l\u00e9ments d'amortissement et la semelle ext\u00e9rieure plate, la marche et la station debout prolong\u00e9es restent confortables.<\/span><\/p>\n\n<p><span style=\"font-size:12pt\">La technologie XRS peut aider \u00e0 pr\u00e9venir les surcharges et les troubles posturaux. L\u00e0 o\u00f9 il y a des douleurs et que la cause est connue, la chaussure, combin\u00e9e avec une semelle orthop\u00e9dique, peut avoir un effet encore plus important. Pour r\u00e9pondre encore mieux \u00e0 vos besoins, Xelero propose diff\u00e9rents mod\u00e8les dans plusieurs largeurs.<\/span><\/p>\n\n<p><span style=\"font-size:12pt\"><strong>Essayez-les \u2013 am\u00e9liorez votre marche<\/strong><strong>\u2009<\/strong><strong>!<\/strong><\/span><\/p>\n\n<p>&nbsp;<\/p>\n                    <\/div>\r\n                \r\n                                    <div class=\"col col-12 col-lg-6\">\r\n                        <p><span style=\"font-size:12pt\"><strong>Bien-\u00eatre pour les pieds<\/strong><strong>\u2009<\/strong><strong>:<\/strong><\/span><\/p>\n\n<ul class=\"extended\">\n\t<li><span style=\"font-size:12pt\">Chaussure de sport id\u00e9ale avec beaucoup de volume<\/span><\/li>\n\t<li><span style=\"font-size:12pt\">Coupe adapt\u00e9e au pied dans plusieurs largeurs<\/span><\/li>\n\t<li><span style=\"font-size:12pt\">Semelle ext\u00e9rieure plate et semelle int\u00e9rieure amovible<\/span><\/li>\n\t<li><span style=\"font-size:12pt\">Adapt\u00e9 aux semelles orthop\u00e9diques sur mesure<\/span><\/li>\n\t<li><span style=\"font-size:12pt\">Amortissement optimal, stabilit\u00e9 et guidage<\/span><\/li>\n\t<li><span style=\"font-size:12pt\">Syst\u00e8me de gestion de l'humidit\u00e9<\/span><\/li>\n<\/ul>\n\n<p><span style=\"font-size:12pt\"><strong>Aide pour des indications m\u00e9dicales telles que<\/strong><strong>\u2009<\/strong><strong>:<\/strong><\/span><\/p>\n\n<ul class=\"extended\">\n\t<li><span style=\"font-size:12pt\">Arthrose<\/span><\/li>\n\t<li><span style=\"font-size:12pt\">Rhumatisme<\/span><\/li>\n\t<li><span style=\"font-size:12pt\">Hallux valgus<\/span><\/li>\n\t<li><span style=\"font-size:12pt\">Hallux rigidus<\/span><\/li>\n\t<li><span style=\"font-size:12pt\">\u00c9pine calcan\u00e9enne<\/span><\/li>\n\t<li><span style=\"font-size:12pt\">Fasciite plantaire<\/span><\/li>\n\t<li><span style=\"font-size:12pt\">Douleurs au genou et \u00e0 la hanche<\/span><\/li>\n\t<li><span style=\"font-size:12pt\">Suite \u00e0 des accidents\/fractures<\/span><\/li>\n\t<li><span style=\"font-size:12pt\">Arthrod\u00e8se\/Ankylose<\/span><\/li>\n\t<li><span style=\"font-size:12pt\">M\u00e9tatarsalgie<\/span><\/li>\n\t<li><span style=\"font-size:12pt\">N\u00e9vrome de Morton<\/span><\/li>\n\t<li><span style=\"font-size:12pt\">Goutte<\/span><\/li>\n\t<li><span style=\"font-size:12pt\">Douleurs \u00e0 la cheville<\/span><\/li>\n\t<li><span style=\"font-size:12pt\">Douleurs dans la r\u00e9gion du bas du dos dues\u00a0<\/span>\u00e0 des probl\u00e8mes de mauvais alignement<\/li>\n<\/ul>\n                    <\/div>\r\n                \r\n                            <\/div>\r\n        <\/div>\r\n    <\/div>\r\n<\/section>\r\n\r\n\r\n \r\n\r\n<section class=\"content-section section-white\">\r\n    <div class=\"container\">\r\n        <div class=\"content-inner padding-top padding-more\">\r\n        \r\n        \t<div class=\"row\">\r\n                <div class=\"col col-12 col-lg-6\">\r\n                                            <h2>STABILIT\u00c9 \u00c9QUILIBR\u00c9E<\/h2>\r\n                                \r\n                    <div class=\"row\" data-mmEqual data-mmEqual-mode=\"height\" data-mmEqual-method=\"all\" data-mmEqual-targets=\".equal-height\" data-mmEqual-xs=\"false\" data-mmEqual-sm=\"false\" data-mmEqual-md=\"true\" data-mmEqual-lg=\"true\" data-mmEqual-xl=\"true\" data-mmEqual-xxl=\"true\" data-mmEqual-xxxl=\"true\">\r\n                                                <div class=\"col col-12 col-md-4\">\r\n                                                            <h5>\u00abImpact\u00bb<\/h5>\r\n                                                                                        <div class=\"equal-height\">\r\n                                    <p><small>Gr\u00e2ce aux coussinets en EVA et en gel, les chocs au niveau du talon sont amortis, tandis que l&#039;\u00e9l\u00e9ment de propulsion favorise le mouvement vers l&#039;avant.<\/small><\/p>\r\n                                <\/div>\r\n                                                                                        <p><img decoding=\"async\" src=\"https:\/\/www.xeleroshoes.ch\/wp-content\/uploads\/2025\/07\/feet-1.png\" class=\"technology-feet-image\" alt=\"\"><\/p>\r\n                                                    <\/div>\r\n                                                                        <div class=\"col col-12 col-md-4\">\r\n                                                            <h5>\u00abMidstance\u00bb<\/h5>\r\n                                                                                        <div class=\"equal-height\">\r\n                                    <p><small>L&#039;\u00e9l\u00e9ment de d\u00e9roulement guide et contr\u00f4le le pied de mani\u00e8re optimale. L&#039;amortissement de la semelle interm\u00e9diaire se situe entre l&#039;\u00e9l\u00e9ment de d\u00e9roulement et la semelle ext\u00e9rieure.<\/small><\/p>\r\n                                <\/div>\r\n                                                                                        <p><img decoding=\"async\" src=\"https:\/\/www.xeleroshoes.ch\/wp-content\/uploads\/2025\/07\/feet-2.png\" class=\"technology-feet-image\" alt=\"\"><\/p>\r\n                                                    <\/div>\r\n                                                                        <div class=\"col col-12 col-md-4\">\r\n                                                            <h5>\u00abToe-off\u00bb<\/h5>\r\n                                                                                        <div class=\"equal-height\">\r\n                                    <p><small>La rampe de d\u00e9roulement \u00e0 l&#039;avant-pied soulage les articulations \ndes orteils et les muscles du pied. Elle facilite la marche en contr\u00f4lant dynamiquement le mouvement, rendant ainsi la progression vers l&#039;avant plus ais\u00e9e.<\/small><\/p>\r\n                                <\/div>\r\n                                                                                        <p><img decoding=\"async\" src=\"https:\/\/www.xeleroshoes.ch\/wp-content\/uploads\/2025\/07\/feet-3.png\" class=\"technology-feet-image\" alt=\"\"><\/p>\r\n                                                    <\/div>\r\n                                                                    <\/div>\r\n                <\/div>\r\n            \r\n                <div class=\"col col-12 col-lg-6\">\r\n                    <div class=\"boxed-border\">\r\n                        <p><span style=\"font-size:12pt\"><strong>Une position droite des orteils conduit \u00e0 la stabilit\u00e9 de la cheville et de la hanche.<\/strong><br \/>\nDes tests avec des mod\u00e8les Xelero ont montr\u00e9 que les chaussures Xelero peuvent aider en cas de probl\u00e8mes de pieds tels que la fasciite plantaire, la m\u00e9tatarsalgie, l'hallux rigidus, les douleurs articulaires et au genou, ainsi que les douleurs dorsales dues \u00e0 des probl\u00e8mes de posture.<\/span><\/p>\n\n<p><img decoding=\"async\" alt=\"\" src=\"https:\/\/www.xeleroshoes.ch\/wp-content\/uploads\/2025\/07\/technology-leggs.png\" style=\"max-width:100%\" \/><\/p>\n\n<p><span style=\"font-size:12pt\">avant \u2013 apr\u00e8s avec Xelero<\/span><\/p>\n                    <\/div>\r\n                <\/div>\r\n            <\/div>\r\n            \r\n                        \r\n        <\/div>\r\n    <\/div>\r\n<\/section>\r\n\r\n\r\n \r\n\r\n<section class=\"content-section section-grey\">\r\n    <div class=\"container\">\r\n        <div class=\"content-inner padding-top padding-more\">\r\n            <div class=\"row\">\r\n                                    <div class=\"col col-12 col-lg-6\">\r\n                        <p><img decoding=\"async\" alt=\"\" src=\"https:\/\/www.xeleroshoes.ch\/wp-content\/uploads\/2025\/10\/XRS-FR_3000-scaled.png\" style=\"max-width:100%\" \/><\/p>\n                    <\/div>\r\n                \r\n                                    <div class=\"col col-12 col-lg-6\">\r\n                        <p><img decoding=\"async\" alt=\"\" src=\"https:\/\/www.xeleroshoes.ch\/wp-content\/uploads\/2025\/10\/X-GPS-FR_3000-scaled.png\" style=\"max-width:100%\" \/><\/p>\n                    <\/div>\r\n                \r\n                            <\/div>\r\n        <\/div>\r\n    <\/div>\r\n<\/section>\r\n\r\n\r\n \r\n<\/div><\/div><\/div>","protected":false},"excerpt":{"rendered":"<p>XELERO AM\u00c9LIORE VOTRE MARCHE Les chaussures Xelero int\u00e8grent toutes la technologie XRS. Cette aide \u00e0 la marche unique, d\u00e9velopp\u00e9e en Suisse, fait de cette chaussure polyvalente une chaussure ergonomique. L&rsquo;\u00e9l\u00e9ment de d\u00e9roulement dissimul\u00e9 dans la semelle interm\u00e9diaire contr\u00f4le le pied dans le mouvement dynamique et lui offre en m\u00eame temps une stabilit\u00e9 lat\u00e9rale id\u00e9ale. Avec &hellip; <a href=\"https:\/\/www.xeleroshoes.ch\/fr\/technologie\/\" class=\"more-link\">Continue reading<span class=\"screen-reader-text\"> \u00ab\u00a0Technologie\u00a0\u00bb<\/span><\/a><\/p>\n","protected":false},"author":2,"featured_media":0,"parent":0,"menu_order":0,"comment_status":"closed","ping_status":"closed","template":"","meta":{"_acf_changed":false,"footnotes":""},"class_list":["post-937","page","type-page","status-publish","hentry"],"acf":[],"_links":{"self":[{"href":"https:\/\/www.xeleroshoes.ch\/fr\/wp-json\/wp\/v2\/pages\/937","targetHints":{"allow":["GET"]}}],"collection":[{"href":"https:\/\/www.xeleroshoes.ch\/fr\/wp-json\/wp\/v2\/pages"}],"about":[{"href":"https:\/\/www.xeleroshoes.ch\/fr\/wp-json\/wp\/v2\/types\/page"}],"author":[{"embeddable":true,"href":"https:\/\/www.xeleroshoes.ch\/fr\/wp-json\/wp\/v2\/users\/2"}],"replies":[{"embeddable":true,"href":"https:\/\/www.xeleroshoes.ch\/fr\/wp-json\/wp\/v2\/comments?post=937"}],"version-history":[{"count":8,"href":"https:\/\/www.xeleroshoes.ch\/fr\/wp-json\/wp\/v2\/pages\/937\/revisions"}],"predecessor-version":[{"id":1163,"href":"https:\/\/www.xeleroshoes.ch\/fr\/wp-json\/wp\/v2\/pages\/937\/revisions\/1163"}],"wp:attachment":[{"href":"https:\/\/www.xeleroshoes.ch\/fr\/wp-json\/wp\/v2\/media?parent=937"}],"curies":[{"name":"wp","href":"https:\/\/api.w.org\/{rel}","templated":true}]}}