{"id":935,"date":"2025-07-11T11:36:45","date_gmt":"2025-07-11T11:36:45","guid":{"rendered":"https:\/\/xeleroshoes.nextron.org\/impressum\/"},"modified":"2026-03-05T08:43:01","modified_gmt":"2026-03-05T08:43:01","slug":"impressum","status":"publish","type":"page","link":"https:\/\/www.xeleroshoes.ch\/fr\/impressum\/","title":{"rendered":"Mentions l\u00e9gales"},"content":{"rendered":"<h2><strong>Responsable du contenu<\/strong><\/h2>\n<p>FREY Orthop\u00e4die-Bedarf AG<br \/>\nPanoramaweg 35<br \/>\n5504 Othmarsingen<br \/>\nSuisse<\/p>\n<h2><strong>Personnes autoris\u00e9es \u00e0 repr\u00e9senter la soci\u00e9t\u00e9<\/strong><\/h2>\n<p>Erica Frey M\u00fcller<br \/>\nFrances Moor-Frey<br \/>\nRoland William Frey<\/p>\n<h2><strong>Inscription au registre du commerce<\/strong><\/h2>\n<p>Raison sociale inscrite: FREY Orthop\u00e4die-Bedarf AG<br \/>\nNum\u00e9ro: CHE-102.449.653<br \/>\nOffice du registre du commerce: Aarau<\/p>\n<h2><strong>Clause de non-responsabilit\u00e9<\/strong><\/h2>\n<p>L&rsquo;auteur n&rsquo;assume aucune garantie quant \u00e0 l&rsquo;exactitude, la pr\u00e9cision, l&rsquo;actualit\u00e9, la fiabilit\u00e9 et l&rsquo;exhaustivit\u00e9 des informations publi\u00e9es.<\/p>\n<p>Toute responsabilit\u00e9 de l&rsquo;auteur pour des dommages mat\u00e9riels ou immat\u00e9riels r\u00e9sultant de l&rsquo;acc\u00e8s ou de l&rsquo;utilisation, respectivement de la non-utilisation des informations publi\u00e9es, d&rsquo;un usage abusif de la connexion ou de perturbations techniques est exclue.<\/p>\n<p>Toutes les offres sont sans engagement. L&rsquo;auteur se r\u00e9serve express\u00e9ment le droit de modifier, compl\u00e9ter, supprimer des parties du site ou l&rsquo;ensemble de l&rsquo;offre, ou d&rsquo;en cesser la publication temporairement ou d\u00e9finitivement, sans avis pr\u00e9alable.<\/p>\n<h2><strong>Responsabilit\u00e9 pour les liens<\/strong><\/h2>\n<p>Les renvois et liens vers des sites web tiers se situent en dehors de notre domaine de responsabilit\u00e9. Toute responsabilit\u00e9 concernant ces sites est d\u00e9clin\u00e9e. L&rsquo;acc\u00e8s et l&rsquo;utilisation de tels sites se font aux risques et p\u00e9rils de l&rsquo;utilisateur.<\/p>\n<h2><strong>Droits d&rsquo;auteur<\/strong><\/h2>\n<p>Les droits d&rsquo;auteur et tous les autres droits relatifs aux contenus, images, photos ou autres fichiers pr\u00e9sents sur le site appartiennent exclusivement \u00e0 <strong>la soci\u00e9t\u00e9 FREY Orthop\u00e4die-Bedarf AG<\/strong> ou aux titulaires de droits sp\u00e9cifiquement mentionn\u00e9s. La reproduction de tout \u00e9l\u00e9ment est soumise \u00e0 l&rsquo;obtention pr\u00e9alable du consentement \u00e9crit des titulaires des droits d&rsquo;auteur.<\/p>\n<h2><strong>Protection des donn\u00e9es<\/strong><\/h2>\n<p>En vertu de l&rsquo;article 13 de la Constitution f\u00e9d\u00e9rale suisse et des dispositions f\u00e9d\u00e9rales en mati\u00e8re de protection des donn\u00e9es (loi sur la protection des donn\u00e9es, LPD), toute personne a droit \u00e0 la protection de sa sph\u00e8re priv\u00e9e ainsi qu&rsquo;\u00e0 la protection contre l&rsquo;utilisation abusive de ses donn\u00e9es personnelles. Nous respectons ces dispositions. Les donn\u00e9es personnelles sont trait\u00e9es de mani\u00e8re strictement confidentielle et ne sont ni vendues ni transmises \u00e0 des tiers.<\/p>\n<p>En \u00e9troite collaboration avec nos h\u00e9bergeurs, nous nous effor\u00e7ons de prot\u00e9ger au mieux les bases de donn\u00e9es contre tout acc\u00e8s non autoris\u00e9, perte, utilisation abusive ou falsification.<\/p>\n<p>Lors de l&rsquo;acc\u00e8s \u00e0 nos pages web, les donn\u00e9es suivantes sont enregistr\u00e9es dans des fichiers journaux : adresse IP, date, heure, requ\u00eate du navigateur et informations g\u00e9n\u00e9rales transmises sur le syst\u00e8me d&rsquo;exploitation ou le navigateur. Ces donn\u00e9es d&rsquo;utilisation constituent la base d&rsquo;\u00e9valuations statistiques et anonymes permettant d&rsquo;identifier des tendances, sur la base desquelles nous pouvons am\u00e9liorer nos offres en cons\u00e9quence.<\/p>\n","protected":false},"excerpt":{"rendered":"<p>Responsable du contenu FREY Orthop\u00e4die-Bedarf AG Panoramaweg 35 5504 Othmarsingen Suisse Personnes autoris\u00e9es \u00e0 repr\u00e9senter la soci\u00e9t\u00e9 Erica Frey M\u00fcller Frances Moor-Frey Roland William Frey Inscription au registre du commerce Raison sociale inscrite: FREY Orthop\u00e4die-Bedarf AG Num\u00e9ro: CHE-102.449.653 Office du registre du commerce: Aarau Clause de non-responsabilit\u00e9 L&rsquo;auteur n&rsquo;assume aucune garantie quant \u00e0 l&rsquo;exactitude, la &hellip; <a href=\"https:\/\/www.xeleroshoes.ch\/fr\/impressum\/\" class=\"more-link\">Continue reading<span class=\"screen-reader-text\"> \u00ab\u00a0Mentions l\u00e9gales\u00a0\u00bb<\/span><\/a><\/p>\n","protected":false},"author":2,"featured_media":0,"parent":0,"menu_order":0,"comment_status":"closed","ping_status":"closed","template":"","meta":{"_acf_changed":false,"footnotes":""},"class_list":["post-935","page","type-page","status-publish","hentry"],"acf":[],"_links":{"self":[{"href":"https:\/\/www.xeleroshoes.ch\/fr\/wp-json\/wp\/v2\/pages\/935","targetHints":{"allow":["GET"]}}],"collection":[{"href":"https:\/\/www.xeleroshoes.ch\/fr\/wp-json\/wp\/v2\/pages"}],"about":[{"href":"https:\/\/www.xeleroshoes.ch\/fr\/wp-json\/wp\/v2\/types\/page"}],"author":[{"embeddable":true,"href":"https:\/\/www.xeleroshoes.ch\/fr\/wp-json\/wp\/v2\/users\/2"}],"replies":[{"embeddable":true,"href":"https:\/\/www.xeleroshoes.ch\/fr\/wp-json\/wp\/v2\/comments?post=935"}],"version-history":[{"count":10,"href":"https:\/\/www.xeleroshoes.ch\/fr\/wp-json\/wp\/v2\/pages\/935\/revisions"}],"predecessor-version":[{"id":1348,"href":"https:\/\/www.xeleroshoes.ch\/fr\/wp-json\/wp\/v2\/pages\/935\/revisions\/1348"}],"wp:attachment":[{"href":"https:\/\/www.xeleroshoes.ch\/fr\/wp-json\/wp\/v2\/media?parent=935"}],"curies":[{"name":"wp","href":"https:\/\/api.w.org\/{rel}","templated":true}]}}