{"id":934,"date":"2025-07-04T13:17:39","date_gmt":"2025-07-04T13:17:39","guid":{"rendered":"https:\/\/xeleroshoes.nextron.org\/home\/"},"modified":"2026-03-20T10:27:04","modified_gmt":"2026-03-20T10:27:04","slug":"home","status":"publish","type":"page","link":"https:\/\/www.xeleroshoes.ch\/fr\/","title":{"rendered":"Home"},"content":{"rendered":"<div id=\"pl-934\"  class=\"panel-layout\" ><div id=\"pg-934-0\"  class=\"panel-grid panel-no-style\" ><div id=\"pgc-934-0-0\"  class=\"panel-grid-cell\" >        <section class=\"content-section\">\r\n            <div class=\"container\">\r\n                <div class=\"content-inner\">\r\n                    <div class=\"landing-slider\">\r\n                        <div class=\"flexslider\">\r\n                            <ul class=\"slides\">\r\n                                                                    <li>\r\n                                        <div class=\"slide-container\">\r\n                                            <div class=\"slide-image\" style=\"background-image: url('https:\/\/www.xeleroshoes.ch\/wp-content\/uploads\/2026\/03\/Nellie_Slider.jpg')\">\r\n                                                <div class=\"slide-content\">\r\n                                                    <h1>\u00c9QUILIBRE<br \/>\nET STABILIT\u00c9<br \/>\nAU QUOTIDIEN.<br \/>\n<strong>NELLIE.<\/strong><\/h1>\n                                                                                                            <a href=\"https:\/\/www.xeleroshoes.ch\/fr\/modelle\/nellie\/\" \r\n                                                           target=\"_self\" \r\n                                                           class=\"btn btn-secondary\">\r\n                                                            <span>Plus d\u2019informations<\/span>\r\n                                                            <i class=\"far fa-angle-right\"><\/i>\r\n                                                        <\/a>\r\n                                                                                                    <\/div>\r\n                                            <\/div>\r\n                                        <\/div>\r\n                                    <\/li>\r\n                                                                    <li>\r\n                                        <div class=\"slide-container\">\r\n                                            <div class=\"slide-image\" style=\"background-image: url('https:\/\/www.xeleroshoes.ch\/wp-content\/uploads\/2026\/03\/Sofia_Slider_2.jpg')\">\r\n                                                <div class=\"slide-content\">\r\n                                                    <h1>STABILIT\u00c9<br \/>\nMAXIMALE<br \/>\nPOIDS MINIMAL.<br \/>\n<strong>SOFIA.<\/strong><\/h1>\n                                                                                                            <a href=\"https:\/\/www.xeleroshoes.ch\/fr\/modelle\/sofia\/\" \r\n                                                           target=\"_self\" \r\n                                                           class=\"btn btn-secondary\">\r\n                                                            <span>Plus d\u2019informations<\/span>\r\n                                                            <i class=\"far fa-angle-right\"><\/i>\r\n                                                        <\/a>\r\n                                                                                                    <\/div>\r\n                                            <\/div>\r\n                                        <\/div>\r\n                                    <\/li>\r\n                                                                    <li>\r\n                                        <div class=\"slide-container\">\r\n                                            <div class=\"slide-image\" style=\"background-image: url('https:\/\/www.xeleroshoes.ch\/wp-content\/uploads\/2026\/03\/X-GPS-Black_Slider.jpg')\">\r\n                                                <div class=\"slide-content\">\r\n                                                    <h1>ALLIANCE DE STABILIT\u00c9<br \/>\nET DE L\u00c9G\u00c8RET\u00c9.<br \/>\nR\u00c9SISTANT \u00c0 L'EAU ET ANTID\u00c9RAPANT.<br \/>\n<strong>X-GPS WR\/SR.<\/strong><\/h1>\n                                                                                                            <a href=\"https:\/\/www.xeleroshoes.ch\/fr\/modelle\/x-gps-wr-sr-2\/\" \r\n                                                           target=\"_self\" \r\n                                                           class=\"btn btn-secondary\">\r\n                                                            <span>Plus d\u2019informations<\/span>\r\n                                                            <i class=\"far fa-angle-right\"><\/i>\r\n                                                        <\/a>\r\n                                                                                                    <\/div>\r\n                                            <\/div>\r\n                                        <\/div>\r\n                                    <\/li>\r\n                                                                    <li>\r\n                                        <div class=\"slide-container\">\r\n                                            <div class=\"slide-image\" style=\"background-image: url('https:\/\/www.xeleroshoes.ch\/wp-content\/uploads\/2026\/03\/XGPS-WR_Damen_Slider.jpg')\">\r\n                                                <div class=\"slide-content\">\r\n                                                    <h1>ULTRA L\u00c9G\u00c8R.<br \/>\nROBUSTE.<br \/>\nR\u00c9SISTANT \u00c0 L'EAU.<br \/>\n<strong>X-GPS WR.<\/strong><\/h1>\n                                                                                                            <a href=\"https:\/\/www.xeleroshoes.ch\/fr\/modelle\/x-gps-wr\/\" \r\n                                                           target=\"_self\" \r\n                                                           class=\"btn btn-secondary\">\r\n                                                            <span>Plus d\u2019informations<\/span>\r\n                                                            <i class=\"far fa-angle-right\"><\/i>\r\n                                                        <\/a>\r\n                                                                                                    <\/div>\r\n                                            <\/div>\r\n                                        <\/div>\r\n                                    <\/li>\r\n                                                                    <li>\r\n                                        <div class=\"slide-container\">\r\n                                            <div class=\"slide-image\" style=\"background-image: url('https:\/\/www.xeleroshoes.ch\/wp-content\/uploads\/2026\/03\/X-GPS-Herren_Slider.png')\">\r\n                                                <div class=\"slide-content\">\r\n                                                    <h1>STABILIT\u00c9 ET<br \/>\nCONFORT \u00c0<br \/>\nCHAQUE PAS.<br \/>\n<strong>X-GPS.<\/strong><\/h1>\n                                                                                                            <a href=\"https:\/\/www.xeleroshoes.ch\/fr\/modelle\/x-gps-lite-h\/\" \r\n                                                           target=\"_self\" \r\n                                                           class=\"btn btn-secondary\">\r\n                                                            <span>Plus d\u2019informations<\/span>\r\n                                                            <i class=\"far fa-angle-right\"><\/i>\r\n                                                        <\/a>\r\n                                                                                                    <\/div>\r\n                                            <\/div>\r\n                                        <\/div>\r\n                                    <\/li>\r\n                                                                    <li>\r\n                                        <div class=\"slide-container\">\r\n                                            <div class=\"slide-image\" style=\"background-image: url('https:\/\/www.xeleroshoes.ch\/wp-content\/uploads\/2026\/03\/Steadfast-Hiker_Slider-1.jpg')\">\r\n                                                <div class=\"slide-content\">\r\n                                                    <h1>MEMBRANE AQUAMAX<br \/>\nIMPERM\u00c9ABLE ET<br \/>\nRESPIRANTE.<br \/>\n<strong>STEADFAST HIKER.<\/strong><\/h1>\n                                                                                                            <a href=\"https:\/\/www.xeleroshoes.ch\/fr\/modelle\/steadfast-hiker-high-d\/\" \r\n                                                           target=\"_self\" \r\n                                                           class=\"btn btn-secondary\">\r\n                                                            <span>Plus d\u2019informations<\/span>\r\n                                                            <i class=\"far fa-angle-right\"><\/i>\r\n                                                        <\/a>\r\n                                                                                                    <\/div>\r\n                                            <\/div>\r\n                                        <\/div>\r\n                                    <\/li>\r\n                                                            <\/ul>\r\n                        <\/div>\r\n                    <\/div>\r\n                <\/div>\r\n            <\/div>\r\n        <\/section>\r\n        <section class=\"content-section\">\r\n    <div class=\"container\">\r\n        <div class=\"content-inner padding-top\">\r\n\r\n            <h2>HIGHLIGHTS<\/h2>            \r\n            <div class=\"landing-highlights\">\r\n                <div class=\"row row-15px\">\r\n                    \r\n\t\t\t\t                <div class=\"col col-12 col-md-6 col-lg-6 col-xl-4\">\r\n                    <div class=\"landing-highlight\">\r\n                        <div class=\"highlight-text\">\r\n                            <h3>NELLIE<\/h3>\r\n                            <i class=\"fas fa-angle-right\"><\/i>\r\n                        <\/div>\r\n                        <a href=\"https:\/\/www.xeleroshoes.ch\/fr\/modelle\/nellie\/\">\r\n                            <img decoding=\"async\" src=\"https:\/\/www.xeleroshoes.ch\/wp-content\/themes\/xelero\/assets\/images\/landing-highlight.png\" alt=\"\" style=\"width: 100%\">\r\n                        <\/a>\r\n                        <div class=\"highlight-background\" style=\"background-image: url('https:\/\/www.xeleroshoes.ch\/wp-content\/uploads\/2026\/03\/Nellie_Highlights-1.jpg')\"><\/div>\r\n                    <\/div>\r\n                <\/div>\r\n                                <div class=\"col col-12 col-md-6 col-lg-6 col-xl-4\">\r\n                    <div class=\"landing-highlight\">\r\n                        <div class=\"highlight-text\">\r\n                            <h3>SOFIA<\/h3>\r\n                            <i class=\"fas fa-angle-right\"><\/i>\r\n                        <\/div>\r\n                        <a href=\"https:\/\/www.xeleroshoes.ch\/fr\/modelle\/sofia\/\">\r\n                            <img decoding=\"async\" src=\"https:\/\/www.xeleroshoes.ch\/wp-content\/themes\/xelero\/assets\/images\/landing-highlight.png\" alt=\"\" style=\"width: 100%\">\r\n                        <\/a>\r\n                        <div class=\"highlight-background\" style=\"background-image: url('https:\/\/www.xeleroshoes.ch\/wp-content\/uploads\/2026\/03\/Sofia_Highlights_3-1.jpg')\"><\/div>\r\n                    <\/div>\r\n                <\/div>\r\n                                <div class=\"col col-12 col-md-6 col-lg-6 col-xl-4\">\r\n                    <div class=\"landing-highlight\">\r\n                        <div class=\"highlight-text\">\r\n                            <h3>X-GPS WR (WATER-RESISTANT)<\/h3>\r\n                            <i class=\"fas fa-angle-right\"><\/i>\r\n                        <\/div>\r\n                        <a href=\"https:\/\/www.xeleroshoes.ch\/fr\/modelle\/x-gps-wr\/\">\r\n                            <img decoding=\"async\" src=\"https:\/\/www.xeleroshoes.ch\/wp-content\/themes\/xelero\/assets\/images\/landing-highlight.png\" alt=\"\" style=\"width: 100%\">\r\n                        <\/a>\r\n                        <div class=\"highlight-background\" style=\"background-image: url('https:\/\/www.xeleroshoes.ch\/wp-content\/uploads\/2026\/03\/XGPS-WR_D_Highlights.png')\"><\/div>\r\n                    <\/div>\r\n                <\/div>\r\n                                <div class=\"col col-12 col-md-6 col-lg-6 col-xl-4\">\r\n                    <div class=\"landing-highlight\">\r\n                        <div class=\"highlight-text\">\r\n                            <h3>X-GPS WR\/SR (WATER &#038; SLIP RESISTANT)<\/h3>\r\n                            <i class=\"fas fa-angle-right\"><\/i>\r\n                        <\/div>\r\n                        <a href=\"https:\/\/www.xeleroshoes.ch\/fr\/modelle\/x-gps-wr-sr-2\/\">\r\n                            <img decoding=\"async\" src=\"https:\/\/www.xeleroshoes.ch\/wp-content\/themes\/xelero\/assets\/images\/landing-highlight.png\" alt=\"\" style=\"width: 100%\">\r\n                        <\/a>\r\n                        <div class=\"highlight-background\" style=\"background-image: url('https:\/\/www.xeleroshoes.ch\/wp-content\/uploads\/2026\/03\/XGPS-WRSR2_H_Highlights.png')\"><\/div>\r\n                    <\/div>\r\n                <\/div>\r\n                                <div class=\"col col-12 col-md-6 col-lg-6 col-xl-4\">\r\n                    <div class=\"landing-highlight\">\r\n                        <div class=\"highlight-text\">\r\n                            <h3>GENESIS II<\/h3>\r\n                            <i class=\"fas fa-angle-right\"><\/i>\r\n                        <\/div>\r\n                        <a href=\"https:\/\/www.xeleroshoes.ch\/fr\/modelle\/genesis-ii-d\/\">\r\n                            <img decoding=\"async\" src=\"https:\/\/www.xeleroshoes.ch\/wp-content\/themes\/xelero\/assets\/images\/landing-highlight.png\" alt=\"\" style=\"width: 100%\">\r\n                        <\/a>\r\n                        <div class=\"highlight-background\" style=\"background-image: url('https:\/\/www.xeleroshoes.ch\/wp-content\/uploads\/2026\/03\/Genesis_D_H-Highlight-1.png')\"><\/div>\r\n                    <\/div>\r\n                <\/div>\r\n                                <div class=\"col col-12 col-md-6 col-lg-6 col-xl-4\">\r\n                    <div class=\"landing-highlight\">\r\n                        <div class=\"highlight-text\">\r\n                            <h3>MATRIX V<\/h3>\r\n                            <i class=\"fas fa-angle-right\"><\/i>\r\n                        <\/div>\r\n                        <a href=\"https:\/\/www.xeleroshoes.ch\/fr\/modelle\/matrix-v-d\/\">\r\n                            <img decoding=\"async\" src=\"https:\/\/www.xeleroshoes.ch\/wp-content\/themes\/xelero\/assets\/images\/landing-highlight.png\" alt=\"\" style=\"width: 100%\">\r\n                        <\/a>\r\n                        <div class=\"highlight-background\" style=\"background-image: url('https:\/\/www.xeleroshoes.ch\/wp-content\/uploads\/2025\/07\/Matrix-V_Highlights.jpg')\"><\/div>\r\n                    <\/div>\r\n                <\/div>\r\n                \t\t\t\t\t\t\t\t\t  \r\n                <\/div>\r\n            <\/div>\r\n            \r\n        <\/div>\r\n    <\/div>\r\n<\/section>\r\n    \r\n<section class=\"content-section\">\r\n    <div class=\"container\">\r\n        <div class=\"content-inner padding-top\">\r\n\r\n            <h2>NOUVEAUT\u00c9S<\/h2>            \r\n            <div class=\"landing-products\">\r\n                <div class=\"owl-carousel\" data-overflow=\"true\">\r\n    <div class=\"product-box\">\r\n        <a href=\"https:\/\/www.xeleroshoes.ch\/fr\/modelle\/nellie\/\" class=\"product-link\"><\/a>\r\n        <div class=\"product-image\">\r\n            <div class=\"image-background\" style=\"background-image: url('https:\/\/www.xeleroshoes.ch\/wp-content\/uploads\/2026\/03\/X22206-D.jpg')\"><\/div>\r\n        <\/div>\r\n        <div class=\"product-text\">\r\n            <h4>NELLIE<\/h4>\r\n            <span>\r\n                Femmes, Nouveaux \/ Large, Normal            <\/span>\r\n        <\/div>\r\n    <\/div>\r\n    <div class=\"product-box\">\r\n        <a href=\"https:\/\/www.xeleroshoes.ch\/fr\/modelle\/sofia\/\" class=\"product-link\"><\/a>\r\n        <div class=\"product-image\">\r\n            <div class=\"image-background\" style=\"background-image: url('https:\/\/www.xeleroshoes.ch\/wp-content\/uploads\/2026\/03\/X29436-D.jpg')\"><\/div>\r\n        <\/div>\r\n        <div class=\"product-text\">\r\n            <h4>SOFIA<\/h4>\r\n            <span>\r\n                Femmes, Nouveaux \/ Normal            <\/span>\r\n        <\/div>\r\n    <\/div>\r\n    <div class=\"product-box\">\r\n        <a href=\"https:\/\/www.xeleroshoes.ch\/fr\/modelle\/x-gps-wr-2\/\" class=\"product-link\"><\/a>\r\n        <div class=\"product-image\">\r\n            <div class=\"image-background\" style=\"background-image: url('https:\/\/www.xeleroshoes.ch\/wp-content\/uploads\/2026\/03\/XR555-H.jpg')\"><\/div>\r\n        <\/div>\r\n        <div class=\"product-text\">\r\n            <h4>X-GPS WR (WATER-RESISTANT)<\/h4>\r\n            <span>\r\n                Hommes, Nouveaux \/ Normal            <\/span>\r\n        <\/div>\r\n    <\/div>\r\n    <div class=\"product-box\">\r\n        <a href=\"https:\/\/www.xeleroshoes.ch\/fr\/modelle\/x-gps-wr\/\" class=\"product-link\"><\/a>\r\n        <div class=\"product-image\">\r\n            <div class=\"image-background\" style=\"background-image: url('https:\/\/www.xeleroshoes.ch\/wp-content\/uploads\/2026\/03\/XR632-D.jpg')\"><\/div>\r\n        <\/div>\r\n        <div class=\"product-text\">\r\n            <h4>X-GPS WR (WATER-RESISTANT)<\/h4>\r\n            <span>\r\n                Femmes, Nouveaux \/ Normal            <\/span>\r\n        <\/div>\r\n    <\/div>\r\n    <div class=\"product-box\">\r\n        <a href=\"https:\/\/www.xeleroshoes.ch\/fr\/modelle\/x-gps-wr-sr-2\/\" class=\"product-link\"><\/a>\r\n        <div class=\"product-image\">\r\n            <div class=\"image-background\" style=\"background-image: url('https:\/\/www.xeleroshoes.ch\/wp-content\/uploads\/2026\/03\/XR500-H.jpg')\"><\/div>\r\n        <\/div>\r\n        <div class=\"product-text\">\r\n            <h4>X-GPS WR\/SR (WATER &#038; SLIP RESISTANT)<\/h4>\r\n            <span>\r\n                Hommes, Nouveaux \/ Large, Normal            <\/span>\r\n        <\/div>\r\n    <\/div>\r\n    <div class=\"product-box\">\r\n        <a href=\"https:\/\/www.xeleroshoes.ch\/fr\/modelle\/x-gps-wr-sr\/\" class=\"product-link\"><\/a>\r\n        <div class=\"product-image\">\r\n            <div class=\"image-background\" style=\"background-image: url('https:\/\/www.xeleroshoes.ch\/wp-content\/uploads\/2026\/03\/XR500-H.jpg')\"><\/div>\r\n        <\/div>\r\n        <div class=\"product-text\">\r\n            <h4>X-GPS WR\/SR (WATER &#038; SLIP RESISTANT)<\/h4>\r\n            <span>\r\n                Femmes, Nouveaux \/ Large, Normal            <\/span>\r\n        <\/div>\r\n    <\/div>\r\n    <div class=\"product-box\">\r\n        <a href=\"https:\/\/www.xeleroshoes.ch\/fr\/modelle\/genesis-ii-h\/\" class=\"product-link\"><\/a>\r\n        <div class=\"product-image\">\r\n            <div class=\"image-background\" style=\"background-image: url('https:\/\/www.xeleroshoes.ch\/wp-content\/uploads\/2026\/03\/X31344-H.jpg')\"><\/div>\r\n        <\/div>\r\n        <div class=\"product-text\">\r\n            <h4>GENESIS II<\/h4>\r\n            <span>\r\n                Hommes, Nouveaux \/ Extra large, Normal            <\/span>\r\n        <\/div>\r\n    <\/div>\r\n    <div class=\"product-box\">\r\n        <a href=\"https:\/\/www.xeleroshoes.ch\/fr\/modelle\/genesis-ii-d\/\" class=\"product-link\"><\/a>\r\n        <div class=\"product-image\">\r\n            <div class=\"image-background\" style=\"background-image: url('https:\/\/www.xeleroshoes.ch\/wp-content\/uploads\/2026\/03\/X64214-D.jpg')\"><\/div>\r\n        <\/div>\r\n        <div class=\"product-text\">\r\n            <h4>GENESIS II<\/h4>\r\n            <span>\r\n                Femmes, Nouveaux \/ Large, Normal            <\/span>\r\n        <\/div>\r\n    <\/div>\r\n    <div class=\"product-box\">\r\n        <a href=\"https:\/\/www.xeleroshoes.ch\/fr\/modelle\/x-gps-lite-h\/\" class=\"product-link\"><\/a>\r\n        <div class=\"product-image\">\r\n            <div class=\"image-background\" style=\"background-image: url('https:\/\/www.xeleroshoes.ch\/wp-content\/uploads\/2026\/03\/XR310-H.jpg')\"><\/div>\r\n        <\/div>\r\n        <div class=\"product-text\">\r\n            <h4>X-GPS<\/h4>\r\n            <span>\r\n                Hommes, Nouveaux \/ Large, Normal            <\/span>\r\n        <\/div>\r\n    <\/div>\r\n    <div class=\"product-box\">\r\n        <a href=\"https:\/\/www.xeleroshoes.ch\/fr\/modelle\/x-gps-lite-d\/\" class=\"product-link\"><\/a>\r\n        <div class=\"product-image\">\r\n            <div class=\"image-background\" style=\"background-image: url('https:\/\/www.xeleroshoes.ch\/wp-content\/uploads\/2026\/03\/XR406-D.jpg')\"><\/div>\r\n        <\/div>\r\n        <div class=\"product-text\">\r\n            <h4>X-GPS<\/h4>\r\n            <span>\r\n                Femmes, Nouveaux \/ Large, Normal            <\/span>\r\n        <\/div>\r\n    <\/div>\r\n<\/div>\r\n\r\n            <\/div>\r\n            \r\n        <\/div>\r\n    <\/div>\r\n<\/section>\r\n    \r\n<section class=\"content-section\">\r\n    <div class=\"container\">\r\n        <div class=\"content-inner padding-top\">\r\n\r\n            <h2>DOWNLOADS<\/h2>            \r\n            \r\n            <ul class=\"downloads\">\r\n\t\t\t            <li><a href=\"https:\/\/www.xeleroshoes.ch\/wp-content\/uploads\/2026\/03\/Xelero_Kat.Lager_CH_2026_FR.pdf\" target=\"_blank\"><strong>Catalogue 2026<\/strong><\/a><\/li>\r\n                             \r\n            <\/ul>\r\n            \r\n        <\/div>\r\n    <\/div>\r\n<\/section>\r\n\r\n    \r\n<\/div><\/div><\/div>","protected":false},"excerpt":{"rendered":"<p>\u00c9QUILIBRE ET STABILIT\u00c9 AU QUOTIDIEN. NELLIE. Plus d\u2019informations STABILIT\u00c9 MAXIMALE POIDS MINIMAL. SOFIA. Plus d\u2019informations ALLIANCE DE STABILIT\u00c9 ET DE L\u00c9G\u00c8RET\u00c9. R\u00c9SISTANT \u00c0 L&rsquo;EAU ET ANTID\u00c9RAPANT. X-GPS WR\/SR. Plus d\u2019informations ULTRA L\u00c9G\u00c8R. ROBUSTE. R\u00c9SISTANT \u00c0 L&rsquo;EAU. X-GPS WR. Plus d\u2019informations STABILIT\u00c9 ET CONFORT \u00c0 CHAQUE PAS. X-GPS. Plus d\u2019informations MEMBRANE AQUAMAX IMPERM\u00c9ABLE ET RESPIRANTE. STEADFAST &hellip; <a href=\"https:\/\/www.xeleroshoes.ch\/fr\/\" class=\"more-link\">Continue reading<span class=\"screen-reader-text\"> \u00ab\u00a0Home\u00a0\u00bb<\/span><\/a><\/p>\n","protected":false},"author":1,"featured_media":0,"parent":0,"menu_order":0,"comment_status":"closed","ping_status":"closed","template":"","meta":{"_acf_changed":false,"footnotes":""},"class_list":["post-934","page","type-page","status-publish","hentry"],"acf":[],"_links":{"self":[{"href":"https:\/\/www.xeleroshoes.ch\/fr\/wp-json\/wp\/v2\/pages\/934","targetHints":{"allow":["GET"]}}],"collection":[{"href":"https:\/\/www.xeleroshoes.ch\/fr\/wp-json\/wp\/v2\/pages"}],"about":[{"href":"https:\/\/www.xeleroshoes.ch\/fr\/wp-json\/wp\/v2\/types\/page"}],"author":[{"embeddable":true,"href":"https:\/\/www.xeleroshoes.ch\/fr\/wp-json\/wp\/v2\/users\/1"}],"replies":[{"embeddable":true,"href":"https:\/\/www.xeleroshoes.ch\/fr\/wp-json\/wp\/v2\/comments?post=934"}],"version-history":[{"count":43,"href":"https:\/\/www.xeleroshoes.ch\/fr\/wp-json\/wp\/v2\/pages\/934\/revisions"}],"predecessor-version":[{"id":1431,"href":"https:\/\/www.xeleroshoes.ch\/fr\/wp-json\/wp\/v2\/pages\/934\/revisions\/1431"}],"wp:attachment":[{"href":"https:\/\/www.xeleroshoes.ch\/fr\/wp-json\/wp\/v2\/media?parent=934"}],"curies":[{"name":"wp","href":"https:\/\/api.w.org\/{rel}","templated":true}]}}