{"id":1118,"date":"2025-09-26T13:07:40","date_gmt":"2025-09-26T13:07:40","guid":{"rendered":"https:\/\/xeleroshoes.nextron.org\/?page_id=1118"},"modified":"2026-03-06T11:26:10","modified_gmt":"2026-03-06T11:26:10","slug":"contact","status":"publish","type":"page","link":"https:\/\/www.xeleroshoes.ch\/fr\/contact\/","title":{"rendered":"Contact"},"content":{"rendered":"<p>Vous avez des questions ou souhaitez nous faire part de suggestions?<br class=\"visible-md visible-lg\" \/>Vous pouvez nous contacter par t\u00e9l\u00e9phone au num\u00e9ro +41 62 887 45 00 ou par e-mail \u00e0 <a href=\"mailto:info@freyortho.ch\">info@freyortho.ch<\/a>.<\/p>\n<p>Nous vous remercions d&rsquo;ores et d\u00e9j\u00e0 de vos messages.<\/p>\n<p>Frey Orthop\u00e4die-Bedarf AG<br \/>\nPanoramaweg 35<br \/>\n5504 Othmarsingen<br \/>\nSuisse<br \/>\nT +41 62 887 45 00<br \/>\n<a href=\"mailto:info@freyortho.ch\">info@freyortho.ch<\/a><\/p>\n<h4 class=\"widget-title\">Horaires d\u2019ouverture<\/h4>\n<div class=\"siteorigin-widget-tinymce textwidget\">\n<p>lundi &#8211; vendredi<br \/>\n08:00 \u2013 12:00<br \/>\n13:00 \u2013 17:00<\/p>\n<h4 class=\"widget-title\">Liens<\/h4>\n<div class=\"siteorigin-widget-tinymce textwidget\">\n<p><a href=\"https:\/\/freyortho.ch\" target=\"_blank\" rel=\"noopener\">freyortho.ch<\/a><br \/>\n<a class=\"no-underline\" href=\"https:\/\/www.finncomfort.ch\/\" target=\"_blank\" rel=\"noopener noreferrer\">finncomfort.ch<\/a><\/p>\n<h4 class=\"widget-title\">Adh\u00e9sions<\/h4>\n<div class=\"siteorigin-widget-tinymce textwidget\">\n<p><a href=\"https:\/\/www.swiss-medtech.ch\/\" target=\"_blank\" rel=\"noopener\">Swiss Medtech<\/a><\/p>\n<\/div>\n<\/div>\n<\/div>\n","protected":false},"excerpt":{"rendered":"<p>Vous avez des questions ou souhaitez nous faire part de suggestions?Vous pouvez nous contacter par t\u00e9l\u00e9phone au num\u00e9ro +41 62 887 45 00 ou par e-mail \u00e0 info@freyortho.ch. Nous vous remercions d&rsquo;ores et d\u00e9j\u00e0 de vos messages. Frey Orthop\u00e4die-Bedarf AG Panoramaweg 35 5504 Othmarsingen Suisse T +41 62 887 45 00 info@freyortho.ch Horaires d\u2019ouverture lundi &hellip; <a href=\"https:\/\/www.xeleroshoes.ch\/fr\/contact\/\" class=\"more-link\">Continue reading<span class=\"screen-reader-text\"> \u00ab\u00a0Contact\u00a0\u00bb<\/span><\/a><\/p>\n","protected":false},"author":1,"featured_media":0,"parent":0,"menu_order":0,"comment_status":"closed","ping_status":"closed","template":"","meta":{"_acf_changed":false,"footnotes":""},"class_list":["post-1118","page","type-page","status-publish","hentry"],"acf":[],"_links":{"self":[{"href":"https:\/\/www.xeleroshoes.ch\/fr\/wp-json\/wp\/v2\/pages\/1118","targetHints":{"allow":["GET"]}}],"collection":[{"href":"https:\/\/www.xeleroshoes.ch\/fr\/wp-json\/wp\/v2\/pages"}],"about":[{"href":"https:\/\/www.xeleroshoes.ch\/fr\/wp-json\/wp\/v2\/types\/page"}],"author":[{"embeddable":true,"href":"https:\/\/www.xeleroshoes.ch\/fr\/wp-json\/wp\/v2\/users\/1"}],"replies":[{"embeddable":true,"href":"https:\/\/www.xeleroshoes.ch\/fr\/wp-json\/wp\/v2\/comments?post=1118"}],"version-history":[{"count":3,"href":"https:\/\/www.xeleroshoes.ch\/fr\/wp-json\/wp\/v2\/pages\/1118\/revisions"}],"predecessor-version":[{"id":1396,"href":"https:\/\/www.xeleroshoes.ch\/fr\/wp-json\/wp\/v2\/pages\/1118\/revisions\/1396"}],"wp:attachment":[{"href":"https:\/\/www.xeleroshoes.ch\/fr\/wp-json\/wp\/v2\/media?parent=1118"}],"curies":[{"name":"wp","href":"https:\/\/api.w.org\/{rel}","templated":true}]}}